{"id":42262,"date":"2023-08-07T09:13:33","date_gmt":"2023-08-07T13:13:33","guid":{"rendered":"https:\/\/aky.pbv.mybluehost.me\/?page_id=42262"},"modified":"2023-08-21T05:04:18","modified_gmt":"2023-08-21T09:04:18","slug":"home-3","status":"publish","type":"page","link":"https:\/\/aky.pbv.mybluehost.me\/pt\/","title":{"rendered":"Home"},"content":{"rendered":"\n<h1 class=\"wp-block-heading has-text-align-center has-huge-font-size\" id=\"h-blog-da-earn2trade\"><span><a style=\"font-weight: bold;\" href=\"https:\/\/www.earn2trade.com\/blog\/pt\/\">Blog da Earn2Trade<\/a><\/span><\/h1>\n","protected":false},"excerpt":{"rendered":"<p>Blog da Earn2Trade<\/p>\n","protected":false},"author":7,"featured_media":0,"parent":0,"menu_order":0,"comment_status":"closed","ping_status":"closed","template":"page-homepage.php","meta":{"nf_dc_page":"","footnotes":""},"class_list":["post-42262","page","type-page","status-publish","hentry"],"yoast_head":"<!-- This site is optimized with the Yoast SEO Premium plugin v27.0 (Yoast SEO v27.2) - https:\/\/yoast.com\/product\/yoast-seo-premium-wordpress\/ -->\n<title>Earn2Trade Blog | O Blog Oficial da Earn2Trade<\/title>\n<meta name=\"description\" content=\"Nosso blog conta com atualiza\u00e7\u00f5es regulares sobre traders, finan\u00e7as, curiosidades sobre trading, not\u00edcias e muito mais.\" \/>\n<meta name=\"robots\" content=\"index, follow, max-snippet:-1, max-image-preview:large, max-video-preview:-1\" \/>\n<link rel=\"canonical\" href=\"https:\/\/aky.pbv.mybluehost.me\/pt\/\" \/>\n<meta property=\"og:locale\" content=\"pt_BR\" \/>\n<meta property=\"og:type\" content=\"article\" \/>\n<meta property=\"og:title\" content=\"Home - Earn2Trade Blog\" \/>\n<meta property=\"og:description\" content=\"Nosso blog conta com atualiza\u00e7\u00f5es regulares sobre traders, finan\u00e7as, curiosidades sobre trading, not\u00edcias e muito mais.\" \/>\n<meta property=\"og:url\" content=\"https:\/\/aky.pbv.mybluehost.me\/pt\/\" \/>\n<meta property=\"og:site_name\" content=\"Earn2Trade Blog\" \/>\n<meta property=\"article:publisher\" content=\"https:\/\/www.facebook.com\/earn2trade\/\" \/>\n<meta property=\"article:modified_time\" content=\"2023-08-21T09:04:18+00:00\" \/>\n<meta name=\"twitter:card\" content=\"summary_large_image\" \/>\n<meta name=\"twitter:site\" content=\"@earn2trade\" \/>\n<meta name=\"twitter:label1\" content=\"Est. tempo de leitura\" \/>\n\t<meta name=\"twitter:data1\" content=\"1 minuto\" \/>\n<script type=\"application\/ld+json\" class=\"yoast-schema-graph\">{\"@context\":\"https:\/\/schema.org\",\"@graph\":[{\"@type\":\"WebPage\",\"@id\":\"https:\/\/aky.pbv.mybluehost.me\/pt\/\",\"url\":\"https:\/\/aky.pbv.mybluehost.me\/pt\/\",\"name\":\"Earn2Trade Blog | O Blog Oficial da Earn2Trade\",\"isPartOf\":{\"@id\":\"https:\/\/earn2trade.com\/blog\/es\/#website\"},\"datePublished\":\"2023-08-07T13:13:33+00:00\",\"dateModified\":\"2023-08-21T09:04:18+00:00\",\"description\":\"Nosso blog conta com atualiza\u00e7\u00f5es regulares sobre traders, finan\u00e7as, curiosidades sobre trading, not\u00edcias e muito mais.\",\"breadcrumb\":{\"@id\":\"https:\/\/aky.pbv.mybluehost.me\/pt\/#breadcrumb\"},\"inLanguage\":\"pt-BR\",\"potentialAction\":[{\"@type\":\"ReadAction\",\"target\":[\"https:\/\/aky.pbv.mybluehost.me\/pt\/\"]}]},{\"@type\":\"BreadcrumbList\",\"@id\":\"https:\/\/aky.pbv.mybluehost.me\/pt\/#breadcrumb\",\"itemListElement\":[{\"@type\":\"ListItem\",\"position\":1,\"name\":\"Home\",\"item\":\"https:\/\/aky.pbv.mybluehost.me\/pt\/\"},{\"@type\":\"ListItem\",\"position\":2,\"name\":\"Home\"}]},{\"@type\":\"WebSite\",\"@id\":\"https:\/\/earn2trade.com\/blog\/es\/#website\",\"url\":\"https:\/\/earn2trade.com\/blog\/es\/\",\"name\":\"Earn2Trade Blog\",\"description\":\"O Blog Oficial da Earn2Trade em Portugu\u00eas\",\"publisher\":{\"@id\":\"https:\/\/earn2trade.com\/blog\/es\/#organization\"},\"potentialAction\":[{\"@type\":\"SearchAction\",\"target\":{\"@type\":\"EntryPoint\",\"urlTemplate\":\"https:\/\/earn2trade.com\/blog\/es\/?s={search_term_string}\"},\"query-input\":{\"@type\":\"PropertyValueSpecification\",\"valueRequired\":true,\"valueName\":\"search_term_string\"}}],\"inLanguage\":\"pt-BR\"},{\"@type\":\"Organization\",\"@id\":\"https:\/\/earn2trade.com\/blog\/es\/#organization\",\"name\":\"Earn2Trade\",\"url\":\"https:\/\/earn2trade.com\/blog\/es\/\",\"logo\":{\"@type\":\"ImageObject\",\"inLanguage\":\"pt-BR\",\"@id\":\"https:\/\/earn2trade.com\/blog\/es\/#\/schema\/logo\/image\/\",\"url\":\"http:\/\/aky.pbv.mybluehost.me\/wp-content\/uploads\/2018\/02\/logo.png\",\"contentUrl\":\"http:\/\/aky.pbv.mybluehost.me\/wp-content\/uploads\/2018\/02\/logo.png\",\"width\":611,\"height\":126,\"caption\":\"Earn2Trade\"},\"image\":{\"@id\":\"https:\/\/earn2trade.com\/blog\/es\/#\/schema\/logo\/image\/\"},\"sameAs\":[\"https:\/\/www.facebook.com\/earn2trade\/\",\"https:\/\/x.com\/earn2trade\",\"https:\/\/www.instagram.com\/earn2trade\/\",\"https:\/\/www.linkedin.com\/company\/earn2trade\/\",\"https:\/\/www.youtube.com\/channel\/UCjC2G_Aa125YZHZTkN_vZYw\"]}]}<\/script>\n<!-- \/ Yoast SEO Premium plugin. -->","yoast_head_json":{"title":"Earn2Trade Blog | O Blog Oficial da Earn2Trade","description":"Nosso blog conta com atualiza\u00e7\u00f5es regulares sobre traders, finan\u00e7as, curiosidades sobre trading, not\u00edcias e muito mais.","robots":{"index":"index","follow":"follow","max-snippet":"max-snippet:-1","max-image-preview":"max-image-preview:large","max-video-preview":"max-video-preview:-1"},"canonical":"https:\/\/aky.pbv.mybluehost.me\/pt\/","og_locale":"pt_BR","og_type":"article","og_title":"Home - Earn2Trade Blog","og_description":"Nosso blog conta com atualiza\u00e7\u00f5es regulares sobre traders, finan\u00e7as, curiosidades sobre trading, not\u00edcias e muito mais.","og_url":"https:\/\/aky.pbv.mybluehost.me\/pt\/","og_site_name":"Earn2Trade Blog","article_publisher":"https:\/\/www.facebook.com\/earn2trade\/","article_modified_time":"2023-08-21T09:04:18+00:00","twitter_card":"summary_large_image","twitter_site":"@earn2trade","twitter_misc":{"Est. tempo de leitura":"1 minuto"},"schema":{"@context":"https:\/\/schema.org","@graph":[{"@type":"WebPage","@id":"https:\/\/aky.pbv.mybluehost.me\/pt\/","url":"https:\/\/aky.pbv.mybluehost.me\/pt\/","name":"Earn2Trade Blog | O Blog Oficial da Earn2Trade","isPartOf":{"@id":"https:\/\/earn2trade.com\/blog\/es\/#website"},"datePublished":"2023-08-07T13:13:33+00:00","dateModified":"2023-08-21T09:04:18+00:00","description":"Nosso blog conta com atualiza\u00e7\u00f5es regulares sobre traders, finan\u00e7as, curiosidades sobre trading, not\u00edcias e muito mais.","breadcrumb":{"@id":"https:\/\/aky.pbv.mybluehost.me\/pt\/#breadcrumb"},"inLanguage":"pt-BR","potentialAction":[{"@type":"ReadAction","target":["https:\/\/aky.pbv.mybluehost.me\/pt\/"]}]},{"@type":"BreadcrumbList","@id":"https:\/\/aky.pbv.mybluehost.me\/pt\/#breadcrumb","itemListElement":[{"@type":"ListItem","position":1,"name":"Home","item":"https:\/\/aky.pbv.mybluehost.me\/pt\/"},{"@type":"ListItem","position":2,"name":"Home"}]},{"@type":"WebSite","@id":"https:\/\/earn2trade.com\/blog\/es\/#website","url":"https:\/\/earn2trade.com\/blog\/es\/","name":"Earn2Trade Blog","description":"O Blog Oficial da Earn2Trade em Portugu\u00eas","publisher":{"@id":"https:\/\/earn2trade.com\/blog\/es\/#organization"},"potentialAction":[{"@type":"SearchAction","target":{"@type":"EntryPoint","urlTemplate":"https:\/\/earn2trade.com\/blog\/es\/?s={search_term_string}"},"query-input":{"@type":"PropertyValueSpecification","valueRequired":true,"valueName":"search_term_string"}}],"inLanguage":"pt-BR"},{"@type":"Organization","@id":"https:\/\/earn2trade.com\/blog\/es\/#organization","name":"Earn2Trade","url":"https:\/\/earn2trade.com\/blog\/es\/","logo":{"@type":"ImageObject","inLanguage":"pt-BR","@id":"https:\/\/earn2trade.com\/blog\/es\/#\/schema\/logo\/image\/","url":"http:\/\/aky.pbv.mybluehost.me\/wp-content\/uploads\/2018\/02\/logo.png","contentUrl":"http:\/\/aky.pbv.mybluehost.me\/wp-content\/uploads\/2018\/02\/logo.png","width":611,"height":126,"caption":"Earn2Trade"},"image":{"@id":"https:\/\/earn2trade.com\/blog\/es\/#\/schema\/logo\/image\/"},"sameAs":["https:\/\/www.facebook.com\/earn2trade\/","https:\/\/x.com\/earn2trade","https:\/\/www.instagram.com\/earn2trade\/","https:\/\/www.linkedin.com\/company\/earn2trade\/","https:\/\/www.youtube.com\/channel\/UCjC2G_Aa125YZHZTkN_vZYw"]}]}},"_links":{"self":[{"href":"https:\/\/aky.pbv.mybluehost.me\/pt\/wp-json\/wp\/v2\/pages\/42262","targetHints":{"allow":["GET"]}}],"collection":[{"href":"https:\/\/aky.pbv.mybluehost.me\/pt\/wp-json\/wp\/v2\/pages"}],"about":[{"href":"https:\/\/aky.pbv.mybluehost.me\/pt\/wp-json\/wp\/v2\/types\/page"}],"author":[{"embeddable":true,"href":"https:\/\/aky.pbv.mybluehost.me\/pt\/wp-json\/wp\/v2\/users\/7"}],"replies":[{"embeddable":true,"href":"https:\/\/aky.pbv.mybluehost.me\/pt\/wp-json\/wp\/v2\/comments?post=42262"}],"version-history":[{"count":3,"href":"https:\/\/aky.pbv.mybluehost.me\/pt\/wp-json\/wp\/v2\/pages\/42262\/revisions"}],"predecessor-version":[{"id":43064,"href":"https:\/\/aky.pbv.mybluehost.me\/pt\/wp-json\/wp\/v2\/pages\/42262\/revisions\/43064"}],"wp:attachment":[{"href":"https:\/\/aky.pbv.mybluehost.me\/pt\/wp-json\/wp\/v2\/media?parent=42262"}],"curies":[{"name":"wp","href":"https:\/\/api.w.org\/{rel}","templated":true}]}}